{"id":2113,"date":"2024-12-23T22:27:14","date_gmt":"2024-12-23T22:27:14","guid":{"rendered":"https:\/\/zutilist.rs\/proizvod\/extra-rose-hip-jam-360-gr\/"},"modified":"2025-07-31T23:02:14","modified_gmt":"2025-07-31T23:02:14","slug":"extra-rose-hip-jam-360-gr","status":"publish","type":"product","link":"https:\/\/zutilist.rs\/en\/product\/extra-rose-hip-jam-360-gr\/","title":{"rendered":"EXTRA ROSE HIP JAM 360 gr"},"content":{"rendered":"<p>\u017duti list Extra rose hip jam \u2013 tender, velvety and full of memorable flavor. Prepared from selected rose hip fruits, according to recipes that have been passed down from generation to generation for centuries. We used 80 grams of rose hips for 100 grams of jam. The taste of tradition, in a jar full of patience and attention.   <\/p>\n","protected":false},"excerpt":{"rendered":"<p>360 gr of which: at least 80% rosehip porridge<\/p>\n","protected":false},"featured_media":1984,"template":"","meta":[],"product_brand":[],"product_cat":[47],"product_tag":[],"class_list":{"0":"post-2113","1":"product","2":"type-product","3":"status-publish","4":"has-post-thumbnail","6":"product_cat-sweet-program","8":"first","9":"instock","10":"shipping-taxable","11":"purchasable","12":"product-type-simple"},"yoast_head":"<!-- This site is optimized with the Yoast SEO plugin v26.7 - https:\/\/yoast.com\/wordpress\/plugins\/seo\/ -->\n<title>EXTRA ROSE HIP JAM 360 gr - \u017duti list<\/title>\n<meta name=\"description\" content=\"Homemade rosehip jam \u017duti list - velvety and full of flavor, prepared using an old recipe. The taste of tradition in a jar full of care and patience.\" \/>\n<meta name=\"robots\" content=\"index, follow, max-snippet:-1, max-image-preview:large, max-video-preview:-1\" \/>\n<link rel=\"canonical\" href=\"https:\/\/zutilist.rs\/en\/product\/extra-rose-hip-jam-360-gr\/\" \/>\n<meta property=\"og:locale\" content=\"en_US\" \/>\n<meta property=\"og:type\" content=\"article\" \/>\n<meta property=\"og:title\" content=\"EXTRA ROSE HIP JAM 360 gr - \u017duti list\" \/>\n<meta property=\"og:description\" content=\"Homemade rosehip jam \u017duti list - velvety and full of flavor, prepared using an old recipe. The taste of tradition in a jar full of care and patience.\" \/>\n<meta property=\"og:url\" content=\"https:\/\/zutilist.rs\/en\/product\/extra-rose-hip-jam-360-gr\/\" \/>\n<meta property=\"og:site_name\" content=\"\u017duti list\" \/>\n<meta property=\"article:publisher\" content=\"https:\/\/www.facebook.com\/ajvarzutilist\/\" \/>\n<meta property=\"article:modified_time\" content=\"2025-07-31T23:02:14+00:00\" \/>\n<meta property=\"og:image\" content=\"https:\/\/zutilist.rs\/wp-content\/uploads\/2024\/12\/sipurak.jpg\" \/>\n\t<meta property=\"og:image:width\" content=\"800\" \/>\n\t<meta property=\"og:image:height\" content=\"800\" \/>\n\t<meta property=\"og:image:type\" content=\"image\/jpeg\" \/>\n<meta name=\"twitter:card\" content=\"summary_large_image\" \/>\n<script type=\"application\/ld+json\" class=\"yoast-schema-graph\">{\"@context\":\"https:\/\/schema.org\",\"@graph\":[{\"@type\":\"WebPage\",\"@id\":\"https:\/\/zutilist.rs\/en\/product\/extra-rose-hip-jam-360-gr\/\",\"url\":\"https:\/\/zutilist.rs\/en\/product\/extra-rose-hip-jam-360-gr\/\",\"name\":\"EXTRA ROSE HIP JAM 360 gr - \u017duti list\",\"isPartOf\":{\"@id\":\"https:\/\/zutilist.rs\/en\/#website\"},\"primaryImageOfPage\":{\"@id\":\"https:\/\/zutilist.rs\/en\/product\/extra-rose-hip-jam-360-gr\/#primaryimage\"},\"image\":{\"@id\":\"https:\/\/zutilist.rs\/en\/product\/extra-rose-hip-jam-360-gr\/#primaryimage\"},\"thumbnailUrl\":\"https:\/\/zutilist.rs\/wp-content\/uploads\/2024\/12\/sipurak.jpg\",\"datePublished\":\"2024-12-23T22:27:14+00:00\",\"dateModified\":\"2025-07-31T23:02:14+00:00\",\"description\":\"Homemade rosehip jam \u017duti list - velvety and full of flavor, prepared using an old recipe. The taste of tradition in a jar full of care and patience.\",\"breadcrumb\":{\"@id\":\"https:\/\/zutilist.rs\/en\/product\/extra-rose-hip-jam-360-gr\/#breadcrumb\"},\"inLanguage\":\"en-US\",\"potentialAction\":[{\"@type\":\"ReadAction\",\"target\":[\"https:\/\/zutilist.rs\/en\/product\/extra-rose-hip-jam-360-gr\/\"]}]},{\"@type\":\"ImageObject\",\"inLanguage\":\"en-US\",\"@id\":\"https:\/\/zutilist.rs\/en\/product\/extra-rose-hip-jam-360-gr\/#primaryimage\",\"url\":\"https:\/\/zutilist.rs\/wp-content\/uploads\/2024\/12\/sipurak.jpg\",\"contentUrl\":\"https:\/\/zutilist.rs\/wp-content\/uploads\/2024\/12\/sipurak.jpg\",\"width\":800,\"height\":800,\"caption\":\"\u017dUTI LIST, EKSTRA D\u017dEM \u0160IPURAK 360 gr\"},{\"@type\":\"BreadcrumbList\",\"@id\":\"https:\/\/zutilist.rs\/en\/product\/extra-rose-hip-jam-360-gr\/#breadcrumb\",\"itemListElement\":[{\"@type\":\"ListItem\",\"position\":1,\"name\":\"Po\u010detna\",\"item\":\"https:\/\/zutilist.rs\/en\/\"},{\"@type\":\"ListItem\",\"position\":2,\"name\":\"Shop\",\"item\":\"https:\/\/zutilist.rs\/en\/shop\/\"},{\"@type\":\"ListItem\",\"position\":3,\"name\":\"EXTRA ROSE HIP JAM 360 gr\"}]},{\"@type\":\"WebSite\",\"@id\":\"https:\/\/zutilist.rs\/en\/#website\",\"url\":\"https:\/\/zutilist.rs\/en\/\",\"name\":\"\u017duti list\",\"description\":\"Ponesi jug sa sobom\",\"publisher\":{\"@id\":\"https:\/\/zutilist.rs\/en\/#organization\"},\"potentialAction\":[{\"@type\":\"SearchAction\",\"target\":{\"@type\":\"EntryPoint\",\"urlTemplate\":\"https:\/\/zutilist.rs\/en\/?s={search_term_string}\"},\"query-input\":{\"@type\":\"PropertyValueSpecification\",\"valueRequired\":true,\"valueName\":\"search_term_string\"}}],\"inLanguage\":\"en-US\"},{\"@type\":\"Organization\",\"@id\":\"https:\/\/zutilist.rs\/en\/#organization\",\"name\":\"\u017duti list\",\"url\":\"https:\/\/zutilist.rs\/en\/\",\"logo\":{\"@type\":\"ImageObject\",\"inLanguage\":\"en-US\",\"@id\":\"https:\/\/zutilist.rs\/en\/#\/schema\/logo\/image\/\",\"url\":\"https:\/\/zutilist.rs\/wp-content\/uploads\/2024\/12\/ZutiList_logo-crni.png\",\"contentUrl\":\"https:\/\/zutilist.rs\/wp-content\/uploads\/2024\/12\/ZutiList_logo-crni.png\",\"width\":1400,\"height\":1800,\"caption\":\"\u017duti list\"},\"image\":{\"@id\":\"https:\/\/zutilist.rs\/en\/#\/schema\/logo\/image\/\"},\"sameAs\":[\"https:\/\/www.facebook.com\/ajvarzutilist\/\",\"https:\/\/www.instagram.com\/zuti_list\/\",\"https:\/\/www.linkedin.com\/company\/zuti-list\/\"]}]}<\/script>\n<!-- \/ Yoast SEO plugin. -->","yoast_head_json":{"title":"EXTRA ROSE HIP JAM 360 gr - \u017duti list","description":"Homemade rosehip jam \u017duti list - velvety and full of flavor, prepared using an old recipe. The taste of tradition in a jar full of care and patience.","robots":{"index":"index","follow":"follow","max-snippet":"max-snippet:-1","max-image-preview":"max-image-preview:large","max-video-preview":"max-video-preview:-1"},"canonical":"https:\/\/zutilist.rs\/en\/product\/extra-rose-hip-jam-360-gr\/","og_locale":"en_US","og_type":"article","og_title":"EXTRA ROSE HIP JAM 360 gr - \u017duti list","og_description":"Homemade rosehip jam \u017duti list - velvety and full of flavor, prepared using an old recipe. The taste of tradition in a jar full of care and patience.","og_url":"https:\/\/zutilist.rs\/en\/product\/extra-rose-hip-jam-360-gr\/","og_site_name":"\u017duti list","article_publisher":"https:\/\/www.facebook.com\/ajvarzutilist\/","article_modified_time":"2025-07-31T23:02:14+00:00","og_image":[{"width":800,"height":800,"url":"https:\/\/zutilist.rs\/wp-content\/uploads\/2024\/12\/sipurak.jpg","type":"image\/jpeg"}],"twitter_card":"summary_large_image","schema":{"@context":"https:\/\/schema.org","@graph":[{"@type":"WebPage","@id":"https:\/\/zutilist.rs\/en\/product\/extra-rose-hip-jam-360-gr\/","url":"https:\/\/zutilist.rs\/en\/product\/extra-rose-hip-jam-360-gr\/","name":"EXTRA ROSE HIP JAM 360 gr - \u017duti list","isPartOf":{"@id":"https:\/\/zutilist.rs\/en\/#website"},"primaryImageOfPage":{"@id":"https:\/\/zutilist.rs\/en\/product\/extra-rose-hip-jam-360-gr\/#primaryimage"},"image":{"@id":"https:\/\/zutilist.rs\/en\/product\/extra-rose-hip-jam-360-gr\/#primaryimage"},"thumbnailUrl":"https:\/\/zutilist.rs\/wp-content\/uploads\/2024\/12\/sipurak.jpg","datePublished":"2024-12-23T22:27:14+00:00","dateModified":"2025-07-31T23:02:14+00:00","description":"Homemade rosehip jam \u017duti list - velvety and full of flavor, prepared using an old recipe. The taste of tradition in a jar full of care and patience.","breadcrumb":{"@id":"https:\/\/zutilist.rs\/en\/product\/extra-rose-hip-jam-360-gr\/#breadcrumb"},"inLanguage":"en-US","potentialAction":[{"@type":"ReadAction","target":["https:\/\/zutilist.rs\/en\/product\/extra-rose-hip-jam-360-gr\/"]}]},{"@type":"ImageObject","inLanguage":"en-US","@id":"https:\/\/zutilist.rs\/en\/product\/extra-rose-hip-jam-360-gr\/#primaryimage","url":"https:\/\/zutilist.rs\/wp-content\/uploads\/2024\/12\/sipurak.jpg","contentUrl":"https:\/\/zutilist.rs\/wp-content\/uploads\/2024\/12\/sipurak.jpg","width":800,"height":800,"caption":"\u017dUTI LIST, EKSTRA D\u017dEM \u0160IPURAK 360 gr"},{"@type":"BreadcrumbList","@id":"https:\/\/zutilist.rs\/en\/product\/extra-rose-hip-jam-360-gr\/#breadcrumb","itemListElement":[{"@type":"ListItem","position":1,"name":"Po\u010detna","item":"https:\/\/zutilist.rs\/en\/"},{"@type":"ListItem","position":2,"name":"Shop","item":"https:\/\/zutilist.rs\/en\/shop\/"},{"@type":"ListItem","position":3,"name":"EXTRA ROSE HIP JAM 360 gr"}]},{"@type":"WebSite","@id":"https:\/\/zutilist.rs\/en\/#website","url":"https:\/\/zutilist.rs\/en\/","name":"\u017duti list","description":"Ponesi jug sa sobom","publisher":{"@id":"https:\/\/zutilist.rs\/en\/#organization"},"potentialAction":[{"@type":"SearchAction","target":{"@type":"EntryPoint","urlTemplate":"https:\/\/zutilist.rs\/en\/?s={search_term_string}"},"query-input":{"@type":"PropertyValueSpecification","valueRequired":true,"valueName":"search_term_string"}}],"inLanguage":"en-US"},{"@type":"Organization","@id":"https:\/\/zutilist.rs\/en\/#organization","name":"\u017duti list","url":"https:\/\/zutilist.rs\/en\/","logo":{"@type":"ImageObject","inLanguage":"en-US","@id":"https:\/\/zutilist.rs\/en\/#\/schema\/logo\/image\/","url":"https:\/\/zutilist.rs\/wp-content\/uploads\/2024\/12\/ZutiList_logo-crni.png","contentUrl":"https:\/\/zutilist.rs\/wp-content\/uploads\/2024\/12\/ZutiList_logo-crni.png","width":1400,"height":1800,"caption":"\u017duti list"},"image":{"@id":"https:\/\/zutilist.rs\/en\/#\/schema\/logo\/image\/"},"sameAs":["https:\/\/www.facebook.com\/ajvarzutilist\/","https:\/\/www.instagram.com\/zuti_list\/","https:\/\/www.linkedin.com\/company\/zuti-list\/"]}]}},"_links":{"self":[{"href":"https:\/\/zutilist.rs\/en\/wp-json\/wp\/v2\/product\/2113","targetHints":{"allow":["GET"]}}],"collection":[{"href":"https:\/\/zutilist.rs\/en\/wp-json\/wp\/v2\/product"}],"about":[{"href":"https:\/\/zutilist.rs\/en\/wp-json\/wp\/v2\/types\/product"}],"wp:featuredmedia":[{"embeddable":true,"href":"https:\/\/zutilist.rs\/en\/wp-json\/wp\/v2\/media\/1984"}],"wp:attachment":[{"href":"https:\/\/zutilist.rs\/en\/wp-json\/wp\/v2\/media?parent=2113"}],"wp:term":[{"taxonomy":"product_brand","embeddable":true,"href":"https:\/\/zutilist.rs\/en\/wp-json\/wp\/v2\/product_brand?post=2113"},{"taxonomy":"product_cat","embeddable":true,"href":"https:\/\/zutilist.rs\/en\/wp-json\/wp\/v2\/product_cat?post=2113"},{"taxonomy":"product_tag","embeddable":true,"href":"https:\/\/zutilist.rs\/en\/wp-json\/wp\/v2\/product_tag?post=2113"}],"curies":[{"name":"wp","href":"https:\/\/api.w.org\/{rel}","templated":true}]}}